{"id":143,"date":"2024-02-06T15:48:37","date_gmt":"2024-02-06T14:48:37","guid":{"rendered":"https:\/\/viveroseskalmendi.es\/?page_id=143"},"modified":"2024-02-06T15:51:36","modified_gmt":"2024-02-06T14:51:36","slug":"noticias","status":"publish","type":"page","link":"https:\/\/viveroseskalmendi.es\/es\/noticias\/","title":{"rendered":"NOTICIAS"},"content":{"rendered":"\n<p><strong>ESKALMENDI participa en un proyecto de investigaci\u00f3n para desarrollar soluciones arquitect\u00f3nicas temporales, inteligentes y verdes para nuevas necesidades urbanas<\/strong>. <strong><em>ESKALMENDI-k &nbsp;ikerketa-proiektu baten parte hartuko du, hiriek dituzten behar berrietarako aldi baterako irtenbide arkitektoniko adimendunak eta berdeak garatzeko<\/em><\/strong><\/p>\n\n\n\n<p><strong>Eskalmendi junto con Etxekit, T\u00e9nicas Electr\u00f3nicas Reunidas (TER), Arregui., Wireless Logic y Tecnalia participan en un proyecto de investigaci\u00f3n (SATU \u2013 dentro del programa Hazitek), financiado por el Gobierno Vasco y por el Fondo Europeo de Desarrollo Regional (FEDER), para desarrollar soluciones arquitect\u00f3nicas temporales, inteligentes y verdes para nuevas necesidades urbanas.<\/strong> <strong><em>Eskalmendi-k Etxekit, Tecnicas Electr\u00f3nicas Reunidas (TER), Arregui, Wireless Logic eta Tecnaliarekin batera hartuko du parte Eusko Jaurlaritzak eta Eskualdeko Garapenerako Europar Funtsak (EGEF) kofinantzaturiko ikerkuntza proiektuan (SATU \u2013 Hazitek programaren baitan), aldi baterako irtenbide arkitektoniko adimentsuak eta berdeak garatzeko hirien behar berrietarako<\/em><\/strong><\/p>\n\n\n\n<p>El objetivo del proyecto es contribuir a dar soluci\u00f3n las necesidades de reorganizaci\u00f3n y transformaci\u00f3n de las ciudades de forma \u00e1gil y flexible para que puedan responder a las nuevas necesidades y retos que afrontan. <em>Proiektuaren helburua hirien berrantolaketa eta eraldaketa premiei modu arin eta malguan erantzuten laguntzea da, aurre egin behar dieten behar eta erronka berriei erantzun ahal izateko<\/em><\/p>\n\n\n\n<p>El proyecto SATU por lo tanto, est\u00e1 muy alineado con su estrategia avanzar en incorporar soluciones verdes en la ciudad, para lo que desarrollar\u00e1n una cubierta verde modular adaptable no s\u00f3lo a los m\u00f3dulos de ETXEKIT sino tambi\u00e9n a otros equipamientos urbanos. <em>SATU proiektua, beraz, oso lerrokatuta dago beraien estrategiarekin, hirian irtenbide berdeak txertatzen aurrera egiteko. Horretarako, estalki berde modular bat garatuko dute, ETXEKITeko moduluetara ez ezik, beste hiri-ekipamendu batzuetara ere molda daitekeena<\/em><\/p>\n\n\n\n<figure class=\"wp-block-image size-large is-style-default\"><img loading=\"lazy\" decoding=\"async\" width=\"1024\" height=\"323\" src=\"https:\/\/viveroseskalmendi.es\/wp-content\/uploads\/2024\/02\/IMAGEN-1-1024x323.png\" alt=\"\" class=\"wp-image-144\" srcset=\"https:\/\/viveroseskalmendi.es\/wp-content\/uploads\/2024\/02\/IMAGEN-1-1024x323.png 1024w, https:\/\/viveroseskalmendi.es\/wp-content\/uploads\/2024\/02\/IMAGEN-1-300x95.png 300w, https:\/\/viveroseskalmendi.es\/wp-content\/uploads\/2024\/02\/IMAGEN-1-768x242.png 768w, https:\/\/viveroseskalmendi.es\/wp-content\/uploads\/2024\/02\/IMAGEN-1-18x6.png 18w, https:\/\/viveroseskalmendi.es\/wp-content\/uploads\/2024\/02\/IMAGEN-1-259x82.png 259w, https:\/\/viveroseskalmendi.es\/wp-content\/uploads\/2024\/02\/IMAGEN-1.png 1487w\" sizes=\"auto, (max-width: 1024px) 100vw, 1024px\" \/><\/figure>\n","protected":false},"excerpt":{"rendered":"<p>ESKALMENDI participa en un proyecto de investigaci\u00f3n para desarrollar soluciones arquitect\u00f3nicas temporales, inteligentes y verdes para nuevas necesidades urbanas. ESKALMENDI-k &nbsp;ikerketa-proiektu baten parte hartuko du, &hellip;<\/p>\n","protected":false},"author":1,"featured_media":0,"parent":0,"menu_order":0,"comment_status":"closed","ping_status":"closed","template":"","meta":{"footnotes":""},"class_list":["post-143","page","type-page","status-publish","hentry"],"_links":{"self":[{"href":"https:\/\/viveroseskalmendi.es\/es\/wp-json\/wp\/v2\/pages\/143","targetHints":{"allow":["GET"]}}],"collection":[{"href":"https:\/\/viveroseskalmendi.es\/es\/wp-json\/wp\/v2\/pages"}],"about":[{"href":"https:\/\/viveroseskalmendi.es\/es\/wp-json\/wp\/v2\/types\/page"}],"author":[{"embeddable":true,"href":"https:\/\/viveroseskalmendi.es\/es\/wp-json\/wp\/v2\/users\/1"}],"replies":[{"embeddable":true,"href":"https:\/\/viveroseskalmendi.es\/es\/wp-json\/wp\/v2\/comments?post=143"}],"version-history":[{"count":2,"href":"https:\/\/viveroseskalmendi.es\/es\/wp-json\/wp\/v2\/pages\/143\/revisions"}],"predecessor-version":[{"id":147,"href":"https:\/\/viveroseskalmendi.es\/es\/wp-json\/wp\/v2\/pages\/143\/revisions\/147"}],"wp:attachment":[{"href":"https:\/\/viveroseskalmendi.es\/es\/wp-json\/wp\/v2\/media?parent=143"}],"curies":[{"name":"wp","href":"https:\/\/api.w.org\/{rel}","templated":true}]}}