{"id":90,"date":"2023-05-09T17:24:53","date_gmt":"2023-05-09T15:24:53","guid":{"rendered":"https:\/\/viveroseskalmendi.es\/?page_id=90"},"modified":"2023-05-11T09:29:33","modified_gmt":"2023-05-11T07:29:33","slug":"produccion","status":"publish","type":"page","link":"https:\/\/viveroseskalmendi.es\/en\/produccion\/","title":{"rendered":"Production"},"content":{"rendered":"<p class=\"has-headings-color has-text-color has-normal-font-size\">In our facilities you can find the following types of plants.<\/p>\n\n\n\n<p class=\"has-headings-color has-text-color\"><strong>FORESTRY PLANT<\/strong><\/p>\n\n\n\n<ul class=\"wp-block-list\">\n<li><em>Acer campestre<\/em><\/li>\n\n\n\n<li><em>Alnus glutinosa<\/em><\/li>\n\n\n\n<li><em>Betula pendula<\/em><\/li>\n\n\n\n<li><em>Castanea sativa<\/em><\/li>\n\n\n\n<li><em>Cornus sanguinea<\/em><\/li>\n\n\n\n<li><em>Crataegus monogyna<\/em><\/li>\n\n\n\n<li><em>Cryptomeria japonica<\/em><\/li>\n\n\n\n<li><em>Euonymus europaeus<\/em><\/li>\n\n\n\n<li><em>Fagus sylvatica<\/em><\/li>\n\n\n\n<li><em>Ginkgo biloba<\/em><\/li>\n\n\n\n<li><em>Ligustrum vulgare<\/em><\/li>\n\n\n\n<li><em>Pinus halepensis<\/em><\/li>\n\n\n\n<li><em>Pinus nigra<\/em><\/li>\n\n\n\n<li><em>Pinus pinaster<\/em><\/li>\n\n\n\n<li><em>Pinus pinea<\/em><\/li>\n\n\n\n<li><em>Pinus silvestris<\/em><\/li>\n\n\n\n<li><em>Populus alba<\/em><\/li>\n\n\n\n<li><em>Populus nigra<\/em><\/li>\n\n\n\n<li><em>Quercus faginea<\/em><\/li>\n\n\n\n<li><em>Quercus ilex<\/em><\/li>\n\n\n\n<li><em>Quercus petrea<\/em><\/li>\n\n\n\n<li><em>Quercus pyrenaica<\/em><\/li>\n\n\n\n<li><em>Quercus robur<\/em><\/li>\n\n\n\n<li><em>Quercus rubra<\/em><\/li>\n\n\n\n<li><em>Salix alba<\/em><\/li>\n\n\n\n<li><em>Salix viminalis<\/em><\/li>\n\n\n\n<li><em>Sorbus aria<\/em><\/li>\n\n\n\n<li><em>Sorbus aucuparia<\/em><\/li>\n<\/ul>\n\n\n\n<p class=\"has-headings-color has-text-color\">For quantities and prices, please <a href=\"https:\/\/viveroseskalmendi.es\/en\/contacto\/\" data-type=\"URL\" data-id=\"https:\/\/viveroseskalmendi.es\/contacto\/\"><strong>contact<\/strong><\/a> us and we will be pleased to answer all your questions.<\/p>\n\n\n\n<p class=\"has-headings-color has-text-color\">We also have fruit trees and various types of seasonal ornamental and aromatic plants. Visit our <a href=\"https:\/\/viveroseskalmendi.es\/en\/localizacion\/\" data-type=\"URL\" data-id=\"https:\/\/viveroseskalmendi.es\/localizacion\/\"><strong>facilities<\/strong><\/a> for more information.<\/p>\n\n\n<div class=\"wp-block-image is-style-default\">\n<figure class=\"aligncenter size-large\"><img loading=\"lazy\" decoding=\"async\" width=\"1440\" height=\"960\" src=\"https:\/\/viveroseskalmendi.es\/wp-content\/uploads\/2023\/05\/WhatsApp-Image-2023-05-09-at-17.56.32-edited-1.jpeg\" alt=\"\" class=\"wp-image-105\" srcset=\"https:\/\/viveroseskalmendi.es\/wp-content\/uploads\/2023\/05\/WhatsApp-Image-2023-05-09-at-17.56.32-edited-1.jpeg 1440w, https:\/\/viveroseskalmendi.es\/wp-content\/uploads\/2023\/05\/WhatsApp-Image-2023-05-09-at-17.56.32-edited-1-300x200.jpeg 300w, https:\/\/viveroseskalmendi.es\/wp-content\/uploads\/2023\/05\/WhatsApp-Image-2023-05-09-at-17.56.32-edited-1-1024x683.jpeg 1024w, https:\/\/viveroseskalmendi.es\/wp-content\/uploads\/2023\/05\/WhatsApp-Image-2023-05-09-at-17.56.32-edited-1-768x512.jpeg 768w, https:\/\/viveroseskalmendi.es\/wp-content\/uploads\/2023\/05\/WhatsApp-Image-2023-05-09-at-17.56.32-edited-1-259x173.jpeg 259w\" sizes=\"auto, (max-width: 1440px) 100vw, 1440px\" \/><\/figure>\n<\/div>","protected":false},"excerpt":{"rendered":"<p>En nuestras instalaciones podr\u00e1s encontrar los siguientes tipos de planta que a continuaci\u00f3n se indican. PLANTA FORESTAL Para conocer las cantidades y el precio, p\u00f3ngase &hellip;<\/p>","protected":false},"author":1,"featured_media":0,"parent":0,"menu_order":0,"comment_status":"closed","ping_status":"closed","template":"","meta":{"footnotes":""},"class_list":["post-90","page","type-page","status-publish","hentry"],"_links":{"self":[{"href":"https:\/\/viveroseskalmendi.es\/en\/wp-json\/wp\/v2\/pages\/90","targetHints":{"allow":["GET"]}}],"collection":[{"href":"https:\/\/viveroseskalmendi.es\/en\/wp-json\/wp\/v2\/pages"}],"about":[{"href":"https:\/\/viveroseskalmendi.es\/en\/wp-json\/wp\/v2\/types\/page"}],"author":[{"embeddable":true,"href":"https:\/\/viveroseskalmendi.es\/en\/wp-json\/wp\/v2\/users\/1"}],"replies":[{"embeddable":true,"href":"https:\/\/viveroseskalmendi.es\/en\/wp-json\/wp\/v2\/comments?post=90"}],"version-history":[{"count":8,"href":"https:\/\/viveroseskalmendi.es\/en\/wp-json\/wp\/v2\/pages\/90\/revisions"}],"predecessor-version":[{"id":109,"href":"https:\/\/viveroseskalmendi.es\/en\/wp-json\/wp\/v2\/pages\/90\/revisions\/109"}],"wp:attachment":[{"href":"https:\/\/viveroseskalmendi.es\/en\/wp-json\/wp\/v2\/media?parent=90"}],"curies":[{"name":"wp","href":"https:\/\/api.w.org\/{rel}","templated":true}]}}