{"id":2,"date":"2023-04-19T08:52:15","date_gmt":"2023-04-19T08:52:15","guid":{"rendered":"https:\/\/viveroseskalmendi.es\/?page_id=2"},"modified":"2025-07-23T17:30:45","modified_gmt":"2025-07-23T15:30:45","slug":"sample-page","status":"publish","type":"page","link":"https:\/\/viveroseskalmendi.es\/en\/sample-page\/","title":{"rendered":"About us"},"content":{"rendered":"<p class=\"has-headings-color has-text-color has-normal-font-size\"><strong>VIVEROS ESKALMENDI, S.L.<\/strong> was established in 2001 with the aim of offering forestry and environmental services of the highest possible quality, satisfying customer requirements in a way that is compatible with responsible environmental management and guaranteeing the health and safety of workers. <\/p>\n\n\n\n<p class=\"has-headings-color has-text-color has-normal-font-size\">It is a company that is mainly dedicated to the environment and extends throughout the northern part of Spain. It specialises in gardening, small civil works, reforestation and other services related to the environment and nature. Furthermore, <strong>has a 7 hectare nursery, where forest plants are produced, both for our own production and for supplying our customers, and on the other hand, ornamental plants for gardens and individuals.<\/strong>.<br>We have a multidisciplinary work team and our more than twenty years of experience have consolidated us as a company of reference for numerous and complex forestry, environmental and ornamental projects. Public administrations are our main clients, City Councils, Regional Councils, Autonomous Governments and more.<\/p>\n\n\n\n<figure class=\"wp-block-image size-full\"><img loading=\"lazy\" decoding=\"async\" width=\"1372\" height=\"884\" src=\"https:\/\/viveroseskalmendi.es\/wp-content\/uploads\/2023\/04\/Eurofor-098.jpg\" alt=\"\" class=\"wp-image-72\" srcset=\"https:\/\/viveroseskalmendi.es\/wp-content\/uploads\/2023\/04\/Eurofor-098.jpg 1372w, https:\/\/viveroseskalmendi.es\/wp-content\/uploads\/2023\/04\/Eurofor-098-300x193.jpg 300w, https:\/\/viveroseskalmendi.es\/wp-content\/uploads\/2023\/04\/Eurofor-098-1024x660.jpg 1024w, https:\/\/viveroseskalmendi.es\/wp-content\/uploads\/2023\/04\/Eurofor-098-768x495.jpg 768w, https:\/\/viveroseskalmendi.es\/wp-content\/uploads\/2023\/04\/Eurofor-098-259x167.jpg 259w\" sizes=\"auto, (max-width: 1372px) 100vw, 1372px\" \/><\/figure>\n\n\n\n<p>VIVEROS ESKALMENDI, cuenta con un <strong>Sistema Integrado de Desempe\u00f1o Ambiental<\/strong> de su organizaci\u00f3n, que se describe a continuaci\u00f3n para conocimiento de sus clientes.<\/p>\n\n\n\n<p><strong>Aspectos ambientales significativos<\/strong><strong><\/strong><\/p>\n\n\n\n<p>En relaci\u00f3n a sus aspectos ambientales significativos y su control y desempe\u00f1o ambiental para 2024 se detectaron los siguientes aspectos ambientales significativos:<\/p>\n\n\n\n<figure class=\"wp-block-table\"><table class=\"has-fixed-layout\"><tbody><tr><td><strong>ASPECTOS AMBIENTALES SIGNIFICATIVOS <\/strong><strong><\/strong><\/td><\/tr><tr><td>Consumo de energ\u00eda<\/td><\/tr><tr><td>Consumo de tubex<\/td><\/tr><tr><td>Consumo de semilla y sustrato<\/td><\/tr><tr><td>Generaci\u00f3n de restos vegetales<\/td><\/tr><tr><td>Generaci\u00f3n de envases pl\u00e1sticos<\/td><\/tr><tr><td>Generaci\u00f3n de pilas<strong><\/strong><\/td><\/tr><tr><td>Generaci\u00f3n de absorbentes<\/td><\/tr><\/tbody><\/table><\/figure>\n\n\n\n<p>Todos los aspectos ambientales significativos son controlados adecuadamente a trav\u00e9s de indicadores de desempe\u00f1o en los que se fija una mejora continua cada a\u00f1o. Del mismo modo, la propuesta de objetivos anuales est\u00e1 \u00edntimamente relacionada con los aspectos ambientales significativos.<\/p>\n\n\n\n<p><strong>Control&nbsp; y Gesti\u00f3n Ambiental<\/strong><\/p>\n\n\n\n<p><strong>RESIDUOS<\/strong><strong><\/strong><\/p>\n\n\n\n<p><strong>TODOS LOS RESIDUOS PELIGROSOS<\/strong> Y <strong>NO PELIGROSOS<\/strong> que generamos son gestionados adecuadamente por varios GESTORES AUTORIZADOS seg\u00fan el tipo de residuo a tratar. De forma general, los residuos gestionados son:<\/p>\n\n\n\n<figure class=\"wp-block-table\"><table class=\"has-fixed-layout\"><tbody><tr><td colspan=\"2\"><strong>RESIDUOS PELIGROSOS GESTIONADOS <\/strong><strong><\/strong><\/td><\/tr><tr><td colspan=\"2\">Envases pl\u00e1sticos contaminados<\/td><\/tr><tr><td colspan=\"2\">Envases met\u00e1licos contaminados<\/td><\/tr><tr><td colspan=\"2\">Absorbentes contaminados<\/td><\/tr><tr><td colspan=\"2\">Aerosoles<\/td><\/tr><tr><td>&nbsp;<\/td><td>&nbsp;<\/td><\/tr><tr><td>&nbsp;<\/td><td>&nbsp;<\/td><\/tr><\/tbody><\/table><\/figure>\n\n\n\n<figure class=\"wp-block-table\"><table class=\"has-fixed-layout\"><tbody><tr><td colspan=\"2\"><strong>RESIDUOS NO PELIGROSOS GESTIONADOS <\/strong><strong><\/strong><\/td><\/tr><tr><td>Papel<\/td><td><strong>&nbsp;<\/strong><\/td><\/tr><tr><td>Pl\u00e1stico<\/td><td>&nbsp;<\/td><\/tr><tr><td>Restos vegetales y madera<\/td><td>&nbsp;<\/td><\/tr><tr><td>RCD<\/td><td>&nbsp;<\/td><\/tr><\/tbody><\/table><\/figure>\n\n\n\n<p><strong>CONSUMOS<\/strong><\/p>\n\n\n\n<p>VIVEROS ESKALMENDI \u00a0establece\u00a0 una sistem\u00e1tica de control de consumos asociados, materias primas fundamentalmente Semestralmente se valora la evoluci\u00f3n de los consumos significativos para establecer si es necesario objetivos de reducci\u00f3n.<\/p>\n\n\n\n<p>Para 2025 ha fijado un objetivo medioambiental en relaci\u00f3n a uno de estos consumos que resultaba un aspecto ambiental significativo:<\/p>\n\n\n\n<figure class=\"wp-block-table\"><table class=\"has-fixed-layout\"><tbody><tr><td><strong>OBJETIVO MEDIOAMBIENTAL <\/strong><strong><\/strong><\/td><\/tr><tr><td>Disminuir un 3% la generaci\u00f3n absorbentes contaminados<\/td><\/tr><tr><td>Disminuir un 2% la generaci\u00f3n de envases de pl\u00e1stico contaminados<\/td><\/tr><tr><td>&nbsp;<\/td><\/tr><\/tbody><\/table><\/figure>\n\n\n\n<p>Como siempre y en busca de la mejora continua, desde VIVEROS ESKALMENDI se invita a realizar <strong>sugerencias<\/strong> que puedan ayudarnos a mejorar\u00a0 la gesti\u00f3n ambiental, sostenibilidad y el medio ambiente.<\/p>","protected":false},"excerpt":{"rendered":"<p>VIVEROS ESKALMENDI, S.L. se constituye en 2001 con el objetivo de ofrecer servicios forestales y ambientales de la mayor calidad posible, satisfacer los requerimientos de &hellip;<\/p>","protected":false},"author":1,"featured_media":0,"parent":0,"menu_order":0,"comment_status":"closed","ping_status":"open","template":"","meta":{"footnotes":""},"class_list":["post-2","page","type-page","status-publish","hentry"],"_links":{"self":[{"href":"https:\/\/viveroseskalmendi.es\/en\/wp-json\/wp\/v2\/pages\/2","targetHints":{"allow":["GET"]}}],"collection":[{"href":"https:\/\/viveroseskalmendi.es\/en\/wp-json\/wp\/v2\/pages"}],"about":[{"href":"https:\/\/viveroseskalmendi.es\/en\/wp-json\/wp\/v2\/types\/page"}],"author":[{"embeddable":true,"href":"https:\/\/viveroseskalmendi.es\/en\/wp-json\/wp\/v2\/users\/1"}],"replies":[{"embeddable":true,"href":"https:\/\/viveroseskalmendi.es\/en\/wp-json\/wp\/v2\/comments?post=2"}],"version-history":[{"count":15,"href":"https:\/\/viveroseskalmendi.es\/en\/wp-json\/wp\/v2\/pages\/2\/revisions"}],"predecessor-version":[{"id":212,"href":"https:\/\/viveroseskalmendi.es\/en\/wp-json\/wp\/v2\/pages\/2\/revisions\/212"}],"wp:attachment":[{"href":"https:\/\/viveroseskalmendi.es\/en\/wp-json\/wp\/v2\/media?parent=2"}],"curies":[{"name":"wp","href":"https:\/\/api.w.org\/{rel}","templated":true}]}}