{"id":165,"date":"2024-07-05T11:16:42","date_gmt":"2024-07-05T09:16:42","guid":{"rendered":"https:\/\/viveroseskalmendi.es\/?page_id=165"},"modified":"2024-07-05T11:17:29","modified_gmt":"2024-07-05T09:17:29","slug":"area-forestal","status":"publish","type":"page","link":"https:\/\/viveroseskalmendi.es\/en\/area-forestal\/","title":{"rendered":"FORESTRY AREA"},"content":{"rendered":"<p class=\"translation-block\">Viveros Eskalmendi, S.L. has reforested 71.27 ha of municipally-owned land belonging to the Vallarta de Bureba Town Council, in the municipality of Vallarta de Bureba, in the province of Burgos. Through the implementation of new forest stands, the aim is to increase the biodiversity of the land, mitigate the effects of climate change, and protect the territory against erosion and possible natural disasters.<\/p>\n\n\n\n<p class=\"translation-block\">With a density of 1. 100 plants\/ha, the proportion of species used in the forestation was 40.0% Pinus pinea (stone pine), 9.5% Pinus halepensis (Halepo pine), 21.0% Pinus nigra (laricio pine), 7.0% Pinus pinaster (resin pine), 12.0% Quercus faginea (gall oak), 9.5% Quercus ilex (holm oak) and 1.0% Crataegus monogyna (hawthorn). 134,116.60\u20ac, 53% of which was financed by FEADER funds, 41.7% by the Junta de Castilla y Le\u00f3n and 5.30% by MAGRAMA, was obtained to carry out the work.<\/p>\n\n\n\n<figure class=\"wp-block-gallery has-nested-images columns-default is-cropped wp-block-gallery-2 is-layout-flex wp-block-gallery-is-layout-flex\">\n<figure class=\"wp-block-image size-large\"><img loading=\"lazy\" decoding=\"async\" width=\"1024\" height=\"768\" data-id=\"167\" src=\"https:\/\/viveroseskalmendi.es\/wp-content\/uploads\/2024\/07\/20-20_placa-colocada-edited-1024x768.jpg\" alt=\"\" class=\"wp-image-167\" srcset=\"https:\/\/viveroseskalmendi.es\/wp-content\/uploads\/2024\/07\/20-20_placa-colocada-edited-1024x768.jpg 1024w, https:\/\/viveroseskalmendi.es\/wp-content\/uploads\/2024\/07\/20-20_placa-colocada-edited-300x225.jpg 300w, https:\/\/viveroseskalmendi.es\/wp-content\/uploads\/2024\/07\/20-20_placa-colocada-edited-768x576.jpg 768w, https:\/\/viveroseskalmendi.es\/wp-content\/uploads\/2024\/07\/20-20_placa-colocada-edited-1536x1152.jpg 1536w, https:\/\/viveroseskalmendi.es\/wp-content\/uploads\/2024\/07\/20-20_placa-colocada-edited-2048x1536.jpg 2048w, https:\/\/viveroseskalmendi.es\/wp-content\/uploads\/2024\/07\/20-20_placa-colocada-edited-16x12.jpg 16w, https:\/\/viveroseskalmendi.es\/wp-content\/uploads\/2024\/07\/20-20_placa-colocada-edited-259x194.jpg 259w\" sizes=\"auto, (max-width: 1024px) 100vw, 1024px\" \/><\/figure>\n<\/figure>\n\n\n\n<figure class=\"wp-block-gallery has-nested-images columns-default is-cropped wp-block-gallery-3 is-layout-flex wp-block-gallery-is-layout-flex\">\n<figure class=\"wp-block-image size-large\"><img loading=\"lazy\" decoding=\"async\" width=\"1024\" height=\"768\" data-id=\"168\" src=\"https:\/\/viveroseskalmendi.es\/wp-content\/uploads\/2024\/07\/hoyos-comprimida-1024x768.jpg\" alt=\"\" class=\"wp-image-168\" srcset=\"https:\/\/viveroseskalmendi.es\/wp-content\/uploads\/2024\/07\/hoyos-comprimida-1024x768.jpg 1024w, https:\/\/viveroseskalmendi.es\/wp-content\/uploads\/2024\/07\/hoyos-comprimida-300x225.jpg 300w, https:\/\/viveroseskalmendi.es\/wp-content\/uploads\/2024\/07\/hoyos-comprimida-768x576.jpg 768w, https:\/\/viveroseskalmendi.es\/wp-content\/uploads\/2024\/07\/hoyos-comprimida-1536x1152.jpg 1536w, https:\/\/viveroseskalmendi.es\/wp-content\/uploads\/2024\/07\/hoyos-comprimida-2048x1536.jpg 2048w, https:\/\/viveroseskalmendi.es\/wp-content\/uploads\/2024\/07\/hoyos-comprimida-16x12.jpg 16w, https:\/\/viveroseskalmendi.es\/wp-content\/uploads\/2024\/07\/hoyos-comprimida-259x194.jpg 259w\" sizes=\"auto, (max-width: 1024px) 100vw, 1024px\" \/><\/figure>\n<\/figure>\n\n\n\n<figure class=\"wp-block-gallery has-nested-images columns-default is-cropped wp-block-gallery-4 is-layout-flex wp-block-gallery-is-layout-flex\">\n<figure class=\"wp-block-image size-large\"><img loading=\"lazy\" decoding=\"async\" width=\"1920\" height=\"2560\" data-id=\"170\" src=\"https:\/\/viveroseskalmendi.es\/wp-content\/uploads\/2024\/07\/hoyo_plantado_comprimida-edited-scaled.jpg\" alt=\"\" class=\"wp-image-170\" srcset=\"https:\/\/viveroseskalmendi.es\/wp-content\/uploads\/2024\/07\/hoyo_plantado_comprimida-edited-scaled.jpg 1920w, https:\/\/viveroseskalmendi.es\/wp-content\/uploads\/2024\/07\/hoyo_plantado_comprimida-edited-225x300.jpg 225w, https:\/\/viveroseskalmendi.es\/wp-content\/uploads\/2024\/07\/hoyo_plantado_comprimida-edited-768x1024.jpg 768w, https:\/\/viveroseskalmendi.es\/wp-content\/uploads\/2024\/07\/hoyo_plantado_comprimida-edited-1152x1536.jpg 1152w, https:\/\/viveroseskalmendi.es\/wp-content\/uploads\/2024\/07\/hoyo_plantado_comprimida-edited-1536x2048.jpg 1536w, https:\/\/viveroseskalmendi.es\/wp-content\/uploads\/2024\/07\/hoyo_plantado_comprimida-edited-9x12.jpg 9w\" sizes=\"auto, (max-width: 1920px) 100vw, 1920px\" \/><\/figure>\n<\/figure>","protected":false},"excerpt":{"rendered":"<p>Viveros Eskalmendi, S.L. ha realizado una repoblaci\u00f3n forestal de 71,27 hect\u00e1reas en terrenos de propiedad municipal pertenecientes al Ayuntamiento de Vallarta de Bureba, t\u00e9rmino municipal &hellip;<\/p>","protected":false},"author":1,"featured_media":0,"parent":0,"menu_order":0,"comment_status":"closed","ping_status":"closed","template":"","meta":{"footnotes":""},"class_list":["post-165","page","type-page","status-publish","hentry"],"_links":{"self":[{"href":"https:\/\/viveroseskalmendi.es\/en\/wp-json\/wp\/v2\/pages\/165","targetHints":{"allow":["GET"]}}],"collection":[{"href":"https:\/\/viveroseskalmendi.es\/en\/wp-json\/wp\/v2\/pages"}],"about":[{"href":"https:\/\/viveroseskalmendi.es\/en\/wp-json\/wp\/v2\/types\/page"}],"author":[{"embeddable":true,"href":"https:\/\/viveroseskalmendi.es\/en\/wp-json\/wp\/v2\/users\/1"}],"replies":[{"embeddable":true,"href":"https:\/\/viveroseskalmendi.es\/en\/wp-json\/wp\/v2\/comments?post=165"}],"version-history":[{"count":1,"href":"https:\/\/viveroseskalmendi.es\/en\/wp-json\/wp\/v2\/pages\/165\/revisions"}],"predecessor-version":[{"id":171,"href":"https:\/\/viveroseskalmendi.es\/en\/wp-json\/wp\/v2\/pages\/165\/revisions\/171"}],"wp:attachment":[{"href":"https:\/\/viveroseskalmendi.es\/en\/wp-json\/wp\/v2\/media?parent=165"}],"curies":[{"name":"wp","href":"https:\/\/api.w.org\/{rel}","templated":true}]}}